{"id":12324,"date":"2023-08-09T17:09:03","date_gmt":"2023-08-09T15:09:03","guid":{"rendered":"https:\/\/www.eq-barnices.es\/?post_type=product&#038;p=12324"},"modified":"2023-08-11T13:18:34","modified_gmt":"2023-08-11T11:18:34","slug":"fundo-poliuretano-preto-tix","status":"publish","type":"product","link":"https:\/\/eurosalqui.es\/pt-pt\/producto\/fundo-poliuretano-preto-tix\/","title":{"rendered":"Fundo poliuretano preto TIX"},"content":{"rendered":"<p>Fundo de poliuretano preto de dois componentes a solvente.<\/p>\n<p>Cobertura m\u00e9dia.<\/p>\n<p>Alta pigmenta\u00e7\u00e3o.<\/p>\n<p>Excelente tixotropia.<\/p>\n<p>Excelente molhabilidade e nivelamento.<\/p>\n","protected":false},"excerpt":{"rendered":"<p>Fundo de poliuretano preto de dois componentes a solvente. Cobertura m\u00e9dia. Alta pigmenta\u00e7\u00e3o. Excelente tixotropia. Excelente molhabilidade e nivelamento.<\/p>\n","protected":false},"featured_media":0,"template":"","meta":{"_acf_changed":false},"product_cat":[669,671,687,695],"product_tag":[832],"class_list":{"0":"post-12324","1":"product","2":"type-product","3":"status-publish","5":"product_cat-habitat-pt","6":"product_cat-madeira-mobiliario","7":"product_cat-poliuretano-pt","8":"product_cat-primers-fundos-pigmentados-poliuretano","9":"product_tag-catalogo-pt","11":"first","12":"instock","13":"shipping-taxable","14":"purchasable","15":"product-type-variable","16":"has-default-attributes"},"acf":[],"yoast_head":"<!-- This site is optimized with the Yoast SEO plugin v22.3 - https:\/\/yoast.com\/wordpress\/plugins\/seo\/ -->\n<title>Fundo poliuretano preto TIX - Eurosalqui. Barnices, Pinturas y Derivados.<\/title>\n<meta name=\"robots\" content=\"index, follow, max-snippet:-1, max-image-preview:large, max-video-preview:-1\" \/>\n<link rel=\"canonical\" href=\"https:\/\/eurosalqui.es\/pt-pt\/producto\/fundo-poliuretano-preto-tix\/\" \/>\n<meta property=\"og:locale\" content=\"pt_PT\" \/>\n<meta property=\"og:type\" content=\"article\" \/>\n<meta property=\"og:title\" content=\"Fundo poliuretano preto TIX - Eurosalqui. Barnices, Pinturas y Derivados.\" \/>\n<meta property=\"og:description\" content=\"Fundo de poliuretano preto de dois componentes a solvente. Cobertura m\u00e9dia. Alta pigmenta\u00e7\u00e3o. Excelente tixotropia. Excelente molhabilidade e nivelamento.\" \/>\n<meta property=\"og:url\" content=\"https:\/\/eurosalqui.es\/pt-pt\/producto\/fundo-poliuretano-preto-tix\/\" \/>\n<meta property=\"og:site_name\" content=\"Eurosalqui. Barnices, Pinturas y Derivados.\" \/>\n<meta property=\"article:publisher\" content=\"https:\/\/www.facebook.com\/eurosalqui\" \/>\n<meta property=\"article:modified_time\" content=\"2023-08-11T11:18:34+00:00\" \/>\n<meta property=\"og:image\" content=\"https:\/\/eurosalqui.es\/wp-content\/uploads\/2023\/09\/pantallazo-eq.jpg\" \/>\n\t<meta property=\"og:image:width\" content=\"1200\" \/>\n\t<meta property=\"og:image:height\" content=\"675\" \/>\n\t<meta property=\"og:image:type\" content=\"image\/jpeg\" \/>\n<meta name=\"twitter:card\" content=\"summary_large_image\" \/>\n<script type=\"application\/ld+json\" class=\"yoast-schema-graph\">{\"@context\":\"https:\/\/schema.org\",\"@graph\":[{\"@type\":\"WebPage\",\"@id\":\"https:\/\/eurosalqui.es\/pt-pt\/producto\/fundo-poliuretano-preto-tix\/\",\"url\":\"https:\/\/eurosalqui.es\/pt-pt\/producto\/fundo-poliuretano-preto-tix\/\",\"name\":\"Fundo poliuretano preto TIX - Eurosalqui. Barnices, Pinturas y Derivados.\",\"isPartOf\":{\"@id\":\"https:\/\/eurosalqui.es\/#website\"},\"datePublished\":\"2023-08-09T15:09:03+00:00\",\"dateModified\":\"2023-08-11T11:18:34+00:00\",\"breadcrumb\":{\"@id\":\"https:\/\/eurosalqui.es\/pt-pt\/producto\/fundo-poliuretano-preto-tix\/#breadcrumb\"},\"inLanguage\":\"pt-PT\",\"potentialAction\":[{\"@type\":\"ReadAction\",\"target\":[\"https:\/\/eurosalqui.es\/pt-pt\/producto\/fundo-poliuretano-preto-tix\/\"]}]},{\"@type\":\"BreadcrumbList\",\"@id\":\"https:\/\/eurosalqui.es\/pt-pt\/producto\/fundo-poliuretano-preto-tix\/#breadcrumb\",\"itemListElement\":[{\"@type\":\"ListItem\",\"position\":1,\"name\":\"Portada\",\"item\":\"https:\/\/eurosalqui.es\/pt-pt\/\"},{\"@type\":\"ListItem\",\"position\":2,\"name\":\"Produtos\",\"item\":\"https:\/\/eurosalqui.es\/pt-pt\/produtos\/\"},{\"@type\":\"ListItem\",\"position\":3,\"name\":\"Fundo poliuretano preto TIX\"}]},{\"@type\":\"WebSite\",\"@id\":\"https:\/\/eurosalqui.es\/#website\",\"url\":\"https:\/\/eurosalqui.es\/\",\"name\":\"Barnices, Pinturas y Derivados EQ, S.L.\",\"description\":\"Soluciones innovadoras a los desaf\u00edos tecnol\u00f3gicos y ambientales con productos de calidad en materia de barnices, pinturas y otros derivados.\",\"publisher\":{\"@id\":\"https:\/\/eurosalqui.es\/#organization\"},\"potentialAction\":[{\"@type\":\"SearchAction\",\"target\":{\"@type\":\"EntryPoint\",\"urlTemplate\":\"https:\/\/eurosalqui.es\/?s={search_term_string}\"},\"query-input\":\"required name=search_term_string\"}],\"inLanguage\":\"pt-PT\"},{\"@type\":\"Organization\",\"@id\":\"https:\/\/eurosalqui.es\/#organization\",\"name\":\"Barnices, Pinturas y Derivados EQ, S.L.\",\"url\":\"https:\/\/eurosalqui.es\/\",\"logo\":{\"@type\":\"ImageObject\",\"inLanguage\":\"pt-PT\",\"@id\":\"https:\/\/eurosalqui.es\/#\/schema\/logo\/image\/\",\"url\":\"https:\/\/eurosalqui.es\/wp-content\/uploads\/2023\/09\/logo-eqbarnices.png\",\"contentUrl\":\"https:\/\/eurosalqui.es\/wp-content\/uploads\/2023\/09\/logo-eqbarnices.png\",\"width\":100,\"height\":84,\"caption\":\"Barnices, Pinturas y Derivados EQ, S.L.\"},\"image\":{\"@id\":\"https:\/\/eurosalqui.es\/#\/schema\/logo\/image\/\"},\"sameAs\":[\"https:\/\/www.facebook.com\/eurosalqui\",\"https:\/\/es.linkedin.com\/company\/eurosalqui\",\"https:\/\/www.instagram.com\/eurosalqui\/\",\"https:\/\/vimeo.com\/eurosalqui\"]}]}<\/script>\n<!-- \/ Yoast SEO plugin. -->","yoast_head_json":{"title":"Fundo poliuretano preto TIX - Eurosalqui. Barnices, Pinturas y Derivados.","robots":{"index":"index","follow":"follow","max-snippet":"max-snippet:-1","max-image-preview":"max-image-preview:large","max-video-preview":"max-video-preview:-1"},"canonical":"https:\/\/eurosalqui.es\/pt-pt\/producto\/fundo-poliuretano-preto-tix\/","og_locale":"pt_PT","og_type":"article","og_title":"Fundo poliuretano preto TIX - Eurosalqui. Barnices, Pinturas y Derivados.","og_description":"Fundo de poliuretano preto de dois componentes a solvente. Cobertura m\u00e9dia. Alta pigmenta\u00e7\u00e3o. Excelente tixotropia. Excelente molhabilidade e nivelamento.","og_url":"https:\/\/eurosalqui.es\/pt-pt\/producto\/fundo-poliuretano-preto-tix\/","og_site_name":"Eurosalqui. Barnices, Pinturas y Derivados.","article_publisher":"https:\/\/www.facebook.com\/eurosalqui","article_modified_time":"2023-08-11T11:18:34+00:00","og_image":[{"width":1200,"height":675,"url":"https:\/\/eurosalqui.es\/wp-content\/uploads\/2023\/09\/pantallazo-eq.jpg","type":"image\/jpeg"}],"twitter_card":"summary_large_image","schema":{"@context":"https:\/\/schema.org","@graph":[{"@type":"WebPage","@id":"https:\/\/eurosalqui.es\/pt-pt\/producto\/fundo-poliuretano-preto-tix\/","url":"https:\/\/eurosalqui.es\/pt-pt\/producto\/fundo-poliuretano-preto-tix\/","name":"Fundo poliuretano preto TIX - Eurosalqui. Barnices, Pinturas y Derivados.","isPartOf":{"@id":"https:\/\/eurosalqui.es\/#website"},"datePublished":"2023-08-09T15:09:03+00:00","dateModified":"2023-08-11T11:18:34+00:00","breadcrumb":{"@id":"https:\/\/eurosalqui.es\/pt-pt\/producto\/fundo-poliuretano-preto-tix\/#breadcrumb"},"inLanguage":"pt-PT","potentialAction":[{"@type":"ReadAction","target":["https:\/\/eurosalqui.es\/pt-pt\/producto\/fundo-poliuretano-preto-tix\/"]}]},{"@type":"BreadcrumbList","@id":"https:\/\/eurosalqui.es\/pt-pt\/producto\/fundo-poliuretano-preto-tix\/#breadcrumb","itemListElement":[{"@type":"ListItem","position":1,"name":"Portada","item":"https:\/\/eurosalqui.es\/pt-pt\/"},{"@type":"ListItem","position":2,"name":"Produtos","item":"https:\/\/eurosalqui.es\/pt-pt\/produtos\/"},{"@type":"ListItem","position":3,"name":"Fundo poliuretano preto TIX"}]},{"@type":"WebSite","@id":"https:\/\/eurosalqui.es\/#website","url":"https:\/\/eurosalqui.es\/","name":"Barnices, Pinturas y Derivados EQ, S.L.","description":"Soluciones innovadoras a los desaf\u00edos tecnol\u00f3gicos y ambientales con productos de calidad en materia de barnices, pinturas y otros derivados.","publisher":{"@id":"https:\/\/eurosalqui.es\/#organization"},"potentialAction":[{"@type":"SearchAction","target":{"@type":"EntryPoint","urlTemplate":"https:\/\/eurosalqui.es\/?s={search_term_string}"},"query-input":"required name=search_term_string"}],"inLanguage":"pt-PT"},{"@type":"Organization","@id":"https:\/\/eurosalqui.es\/#organization","name":"Barnices, Pinturas y Derivados EQ, S.L.","url":"https:\/\/eurosalqui.es\/","logo":{"@type":"ImageObject","inLanguage":"pt-PT","@id":"https:\/\/eurosalqui.es\/#\/schema\/logo\/image\/","url":"https:\/\/eurosalqui.es\/wp-content\/uploads\/2023\/09\/logo-eqbarnices.png","contentUrl":"https:\/\/eurosalqui.es\/wp-content\/uploads\/2023\/09\/logo-eqbarnices.png","width":100,"height":84,"caption":"Barnices, Pinturas y Derivados EQ, S.L."},"image":{"@id":"https:\/\/eurosalqui.es\/#\/schema\/logo\/image\/"},"sameAs":["https:\/\/www.facebook.com\/eurosalqui","https:\/\/es.linkedin.com\/company\/eurosalqui","https:\/\/www.instagram.com\/eurosalqui\/","https:\/\/vimeo.com\/eurosalqui"]}]}},"_links":{"self":[{"href":"https:\/\/eurosalqui.es\/pt-pt\/wp-json\/wp\/v2\/product\/12324"}],"collection":[{"href":"https:\/\/eurosalqui.es\/pt-pt\/wp-json\/wp\/v2\/product"}],"about":[{"href":"https:\/\/eurosalqui.es\/pt-pt\/wp-json\/wp\/v2\/types\/product"}],"wp:attachment":[{"href":"https:\/\/eurosalqui.es\/pt-pt\/wp-json\/wp\/v2\/media?parent=12324"}],"wp:term":[{"taxonomy":"product_cat","embeddable":true,"href":"https:\/\/eurosalqui.es\/pt-pt\/wp-json\/wp\/v2\/product_cat?post=12324"},{"taxonomy":"product_tag","embeddable":true,"href":"https:\/\/eurosalqui.es\/pt-pt\/wp-json\/wp\/v2\/product_tag?post=12324"}],"curies":[{"name":"wp","href":"https:\/\/api.w.org\/{rel}","templated":true}]}}