{"id":11095,"date":"2023-07-17T10:00:57","date_gmt":"2023-07-17T08:00:57","guid":{"rendered":"https:\/\/www.eq-barnices.es\/productos\/sem%20categoria\/efeito-ceramico\/"},"modified":"2023-08-25T11:14:40","modified_gmt":"2023-08-25T09:14:40","slug":"efeito-ceramico","status":"publish","type":"product","link":"https:\/\/eurosalqui.es\/pt-pt\/producto\/efeito-ceramico\/","title":{"rendered":"Efeito cer\u00e2mico"},"content":{"rendered":"<p>Efeito cer\u00e2mico retil\u00edneo.<\/p>\n<div class=\"alert alert_info\"><div class=\"alert_icon\"><svg viewBox=\"0 0 28 28\" aria-label=\"info alert icon\"><defs><style>.path{fill:none;stroke:#000;stroke-miterlimit:10;stroke-width:1.5px;}<\/style><\/defs><g><circle class=\"path\" cx=\"14\" cy=\"14\" r=\"12\"\/><path class=\"path\" d=\"M11.2,9.12a3.4,3.4,0,0,1,3-1.69,2.84,2.84,0,0,1,3,2.76,3.16,3.16,0,0,1-.84,2.23c-.63.74-1.58,1.18-2.19,1.88a1,1,0,0,0-.26.64v2.32\"\/><circle class=\"path\" cx=\"14\" cy=\"20\" r=\"0.33\"\/><\/g><\/svg><\/div><div class=\"alert_wrapper\">Outras cores <a href=\"https:\/\/eurosalqui.es\/pt-pt\/contato\/\">consultar<\/a> pedido m\u00ednimo e possibilidade de cores.<\/div><a href=\"#\" class=\"close mfn-close-icon\"><span class=\"icon\">\u2715<\/span><\/a><\/div>\n\n","protected":false},"excerpt":{"rendered":"<p>Efeito cer\u00e2mico retil\u00edneo.<\/p>\n","protected":false},"featured_media":0,"template":"","meta":{"_acf_changed":false},"product_cat":[804,807],"product_tag":[832],"class_list":{"0":"post-11095","1":"product","2":"type-product","3":"status-publish","5":"product_cat-texturas-pt","6":"product_cat-ceramica","7":"product_tag-catalogo-pt","9":"first","10":"instock","11":"shipping-taxable","12":"product-type-simple"},"acf":[],"yoast_head":"<!-- This site is optimized with the Yoast SEO plugin v22.3 - https:\/\/yoast.com\/wordpress\/plugins\/seo\/ -->\n<title>Efeito cer\u00e2mico - Eurosalqui. Barnices, Pinturas y Derivados.<\/title>\n<meta name=\"robots\" content=\"index, follow, max-snippet:-1, max-image-preview:large, max-video-preview:-1\" \/>\n<link rel=\"canonical\" href=\"https:\/\/eurosalqui.es\/pt-pt\/producto\/efeito-ceramico\/\" \/>\n<meta property=\"og:locale\" content=\"pt_PT\" \/>\n<meta property=\"og:type\" content=\"article\" \/>\n<meta property=\"og:title\" content=\"Efeito cer\u00e2mico - Eurosalqui. Barnices, Pinturas y Derivados.\" \/>\n<meta property=\"og:description\" content=\"Efeito cer\u00e2mico retil\u00edneo.\" \/>\n<meta property=\"og:url\" content=\"https:\/\/eurosalqui.es\/pt-pt\/producto\/efeito-ceramico\/\" \/>\n<meta property=\"og:site_name\" content=\"Eurosalqui. Barnices, Pinturas y Derivados.\" \/>\n<meta property=\"article:publisher\" content=\"https:\/\/www.facebook.com\/eurosalqui\" \/>\n<meta property=\"article:modified_time\" content=\"2023-08-25T09:14:40+00:00\" \/>\n<meta property=\"og:image\" content=\"https:\/\/eurosalqui.es\/wp-content\/uploads\/2023\/09\/pantallazo-eq.jpg\" \/>\n\t<meta property=\"og:image:width\" content=\"1200\" \/>\n\t<meta property=\"og:image:height\" content=\"675\" \/>\n\t<meta property=\"og:image:type\" content=\"image\/jpeg\" \/>\n<meta name=\"twitter:card\" content=\"summary_large_image\" \/>\n<script type=\"application\/ld+json\" class=\"yoast-schema-graph\">{\"@context\":\"https:\/\/schema.org\",\"@graph\":[{\"@type\":\"WebPage\",\"@id\":\"https:\/\/eurosalqui.es\/pt-pt\/producto\/efeito-ceramico\/\",\"url\":\"https:\/\/eurosalqui.es\/pt-pt\/producto\/efeito-ceramico\/\",\"name\":\"Efeito cer\u00e2mico - Eurosalqui. Barnices, Pinturas y Derivados.\",\"isPartOf\":{\"@id\":\"https:\/\/eurosalqui.es\/#website\"},\"datePublished\":\"2023-07-17T08:00:57+00:00\",\"dateModified\":\"2023-08-25T09:14:40+00:00\",\"breadcrumb\":{\"@id\":\"https:\/\/eurosalqui.es\/pt-pt\/producto\/efeito-ceramico\/#breadcrumb\"},\"inLanguage\":\"pt-PT\",\"potentialAction\":[{\"@type\":\"ReadAction\",\"target\":[\"https:\/\/eurosalqui.es\/pt-pt\/producto\/efeito-ceramico\/\"]}]},{\"@type\":\"BreadcrumbList\",\"@id\":\"https:\/\/eurosalqui.es\/pt-pt\/producto\/efeito-ceramico\/#breadcrumb\",\"itemListElement\":[{\"@type\":\"ListItem\",\"position\":1,\"name\":\"Portada\",\"item\":\"https:\/\/eurosalqui.es\/pt-pt\/\"},{\"@type\":\"ListItem\",\"position\":2,\"name\":\"Produtos\",\"item\":\"https:\/\/eurosalqui.es\/pt-pt\/produtos\/\"},{\"@type\":\"ListItem\",\"position\":3,\"name\":\"Efeito cer\u00e2mico\"}]},{\"@type\":\"WebSite\",\"@id\":\"https:\/\/eurosalqui.es\/#website\",\"url\":\"https:\/\/eurosalqui.es\/\",\"name\":\"Barnices, Pinturas y Derivados EQ, S.L.\",\"description\":\"Soluciones innovadoras a los desaf\u00edos tecnol\u00f3gicos y ambientales con productos de calidad en materia de barnices, pinturas y otros derivados.\",\"publisher\":{\"@id\":\"https:\/\/eurosalqui.es\/#organization\"},\"potentialAction\":[{\"@type\":\"SearchAction\",\"target\":{\"@type\":\"EntryPoint\",\"urlTemplate\":\"https:\/\/eurosalqui.es\/?s={search_term_string}\"},\"query-input\":\"required name=search_term_string\"}],\"inLanguage\":\"pt-PT\"},{\"@type\":\"Organization\",\"@id\":\"https:\/\/eurosalqui.es\/#organization\",\"name\":\"Barnices, Pinturas y Derivados EQ, S.L.\",\"url\":\"https:\/\/eurosalqui.es\/\",\"logo\":{\"@type\":\"ImageObject\",\"inLanguage\":\"pt-PT\",\"@id\":\"https:\/\/eurosalqui.es\/#\/schema\/logo\/image\/\",\"url\":\"https:\/\/eurosalqui.es\/wp-content\/uploads\/2023\/09\/logo-eqbarnices.png\",\"contentUrl\":\"https:\/\/eurosalqui.es\/wp-content\/uploads\/2023\/09\/logo-eqbarnices.png\",\"width\":100,\"height\":84,\"caption\":\"Barnices, Pinturas y Derivados EQ, S.L.\"},\"image\":{\"@id\":\"https:\/\/eurosalqui.es\/#\/schema\/logo\/image\/\"},\"sameAs\":[\"https:\/\/www.facebook.com\/eurosalqui\",\"https:\/\/es.linkedin.com\/company\/eurosalqui\",\"https:\/\/www.instagram.com\/eurosalqui\/\",\"https:\/\/vimeo.com\/eurosalqui\"]}]}<\/script>\n<!-- \/ Yoast SEO plugin. -->","yoast_head_json":{"title":"Efeito cer\u00e2mico - Eurosalqui. Barnices, Pinturas y Derivados.","robots":{"index":"index","follow":"follow","max-snippet":"max-snippet:-1","max-image-preview":"max-image-preview:large","max-video-preview":"max-video-preview:-1"},"canonical":"https:\/\/eurosalqui.es\/pt-pt\/producto\/efeito-ceramico\/","og_locale":"pt_PT","og_type":"article","og_title":"Efeito cer\u00e2mico - Eurosalqui. Barnices, Pinturas y Derivados.","og_description":"Efeito cer\u00e2mico retil\u00edneo.","og_url":"https:\/\/eurosalqui.es\/pt-pt\/producto\/efeito-ceramico\/","og_site_name":"Eurosalqui. Barnices, Pinturas y Derivados.","article_publisher":"https:\/\/www.facebook.com\/eurosalqui","article_modified_time":"2023-08-25T09:14:40+00:00","og_image":[{"width":1200,"height":675,"url":"https:\/\/eurosalqui.es\/wp-content\/uploads\/2023\/09\/pantallazo-eq.jpg","type":"image\/jpeg"}],"twitter_card":"summary_large_image","schema":{"@context":"https:\/\/schema.org","@graph":[{"@type":"WebPage","@id":"https:\/\/eurosalqui.es\/pt-pt\/producto\/efeito-ceramico\/","url":"https:\/\/eurosalqui.es\/pt-pt\/producto\/efeito-ceramico\/","name":"Efeito cer\u00e2mico - Eurosalqui. Barnices, Pinturas y Derivados.","isPartOf":{"@id":"https:\/\/eurosalqui.es\/#website"},"datePublished":"2023-07-17T08:00:57+00:00","dateModified":"2023-08-25T09:14:40+00:00","breadcrumb":{"@id":"https:\/\/eurosalqui.es\/pt-pt\/producto\/efeito-ceramico\/#breadcrumb"},"inLanguage":"pt-PT","potentialAction":[{"@type":"ReadAction","target":["https:\/\/eurosalqui.es\/pt-pt\/producto\/efeito-ceramico\/"]}]},{"@type":"BreadcrumbList","@id":"https:\/\/eurosalqui.es\/pt-pt\/producto\/efeito-ceramico\/#breadcrumb","itemListElement":[{"@type":"ListItem","position":1,"name":"Portada","item":"https:\/\/eurosalqui.es\/pt-pt\/"},{"@type":"ListItem","position":2,"name":"Produtos","item":"https:\/\/eurosalqui.es\/pt-pt\/produtos\/"},{"@type":"ListItem","position":3,"name":"Efeito cer\u00e2mico"}]},{"@type":"WebSite","@id":"https:\/\/eurosalqui.es\/#website","url":"https:\/\/eurosalqui.es\/","name":"Barnices, Pinturas y Derivados EQ, S.L.","description":"Soluciones innovadoras a los desaf\u00edos tecnol\u00f3gicos y ambientales con productos de calidad en materia de barnices, pinturas y otros derivados.","publisher":{"@id":"https:\/\/eurosalqui.es\/#organization"},"potentialAction":[{"@type":"SearchAction","target":{"@type":"EntryPoint","urlTemplate":"https:\/\/eurosalqui.es\/?s={search_term_string}"},"query-input":"required name=search_term_string"}],"inLanguage":"pt-PT"},{"@type":"Organization","@id":"https:\/\/eurosalqui.es\/#organization","name":"Barnices, Pinturas y Derivados EQ, S.L.","url":"https:\/\/eurosalqui.es\/","logo":{"@type":"ImageObject","inLanguage":"pt-PT","@id":"https:\/\/eurosalqui.es\/#\/schema\/logo\/image\/","url":"https:\/\/eurosalqui.es\/wp-content\/uploads\/2023\/09\/logo-eqbarnices.png","contentUrl":"https:\/\/eurosalqui.es\/wp-content\/uploads\/2023\/09\/logo-eqbarnices.png","width":100,"height":84,"caption":"Barnices, Pinturas y Derivados EQ, S.L."},"image":{"@id":"https:\/\/eurosalqui.es\/#\/schema\/logo\/image\/"},"sameAs":["https:\/\/www.facebook.com\/eurosalqui","https:\/\/es.linkedin.com\/company\/eurosalqui","https:\/\/www.instagram.com\/eurosalqui\/","https:\/\/vimeo.com\/eurosalqui"]}]}},"_links":{"self":[{"href":"https:\/\/eurosalqui.es\/pt-pt\/wp-json\/wp\/v2\/product\/11095"}],"collection":[{"href":"https:\/\/eurosalqui.es\/pt-pt\/wp-json\/wp\/v2\/product"}],"about":[{"href":"https:\/\/eurosalqui.es\/pt-pt\/wp-json\/wp\/v2\/types\/product"}],"wp:attachment":[{"href":"https:\/\/eurosalqui.es\/pt-pt\/wp-json\/wp\/v2\/media?parent=11095"}],"wp:term":[{"taxonomy":"product_cat","embeddable":true,"href":"https:\/\/eurosalqui.es\/pt-pt\/wp-json\/wp\/v2\/product_cat?post=11095"},{"taxonomy":"product_tag","embeddable":true,"href":"https:\/\/eurosalqui.es\/pt-pt\/wp-json\/wp\/v2\/product_tag?post=11095"}],"curies":[{"name":"wp","href":"https:\/\/api.w.org\/{rel}","templated":true}]}}