{"id":8297,"date":"2023-06-08T16:32:19","date_gmt":"2023-06-08T14:32:19","guid":{"rendered":"https:\/\/www.eq-barnices.es\/galeria\/"},"modified":"2023-10-05T12:30:19","modified_gmt":"2023-10-05T10:30:19","slug":"galeria","status":"publish","type":"page","link":"https:\/\/eurosalqui.es\/pt-pt\/galeria\/","title":{"rendered":"Cat\u00e1logos"},"content":{"rendered":"","protected":false},"excerpt":{"rendered":"","protected":false},"author":31,"featured_media":0,"parent":0,"menu_order":0,"comment_status":"closed","ping_status":"closed","template":"template-portfolio.php","meta":{"_acf_changed":false,"footnotes":""},"class_list":["post-8297","page","type-page","status-publish","hentry"],"acf":[],"yoast_head":"<!-- This site is optimized with the Yoast SEO plugin v22.3 - https:\/\/yoast.com\/wordpress\/plugins\/seo\/ -->\n<title>V\u00eddeos e documentos digitais dispon\u00edveis com apenas um clique<\/title>\n<meta name=\"description\" content=\"Cat\u00e1logos, v\u00eddeos de processos de texturiza\u00e7\u00e3o e documentos sobre os nossos produtos que poder\u00e1 descarregar e assim conhecer melhor a nossa oferta.\" \/>\n<meta name=\"robots\" content=\"index, follow, max-snippet:-1, max-image-preview:large, max-video-preview:-1\" \/>\n<link rel=\"canonical\" href=\"https:\/\/eurosalqui.es\/pt-pt\/galeria\/\" \/>\n<meta property=\"og:locale\" content=\"pt_PT\" \/>\n<meta property=\"og:type\" content=\"article\" \/>\n<meta property=\"og:title\" content=\"V\u00eddeos e documentos digitais dispon\u00edveis com apenas um clique\" \/>\n<meta property=\"og:description\" content=\"Cat\u00e1logos, v\u00eddeos de processos de texturiza\u00e7\u00e3o e documentos sobre os nossos produtos que poder\u00e1 descarregar e assim conhecer melhor a nossa oferta.\" \/>\n<meta property=\"og:url\" content=\"https:\/\/eurosalqui.es\/pt-pt\/galeria\/\" \/>\n<meta property=\"og:site_name\" content=\"Eurosalqui. Barnices, Pinturas y Derivados.\" \/>\n<meta property=\"article:publisher\" content=\"https:\/\/www.facebook.com\/eurosalqui\" \/>\n<meta property=\"article:modified_time\" content=\"2023-10-05T10:30:19+00:00\" \/>\n<meta property=\"og:image\" content=\"https:\/\/eurosalqui.es\/wp-content\/uploads\/2023\/09\/pantallazo-eq.jpg\" \/>\n\t<meta property=\"og:image:width\" content=\"1200\" \/>\n\t<meta property=\"og:image:height\" content=\"675\" \/>\n\t<meta property=\"og:image:type\" content=\"image\/jpeg\" \/>\n<meta name=\"twitter:card\" content=\"summary_large_image\" \/>\n<meta name=\"twitter:title\" content=\"V\u00eddeos e documentos digitais dispon\u00edveis com apenas um clique\" \/>\n<meta name=\"twitter:description\" content=\"Cat\u00e1logos, v\u00eddeos de processos de texturiza\u00e7\u00e3o e documentos sobre os nossos produtos que poder\u00e1 descarregar e assim conhecer melhor a nossa oferta.\" \/>\n<script type=\"application\/ld+json\" class=\"yoast-schema-graph\">{\"@context\":\"https:\/\/schema.org\",\"@graph\":[{\"@type\":\"WebPage\",\"@id\":\"https:\/\/eurosalqui.es\/pt-pt\/galeria\/\",\"url\":\"https:\/\/eurosalqui.es\/pt-pt\/galeria\/\",\"name\":\"V\u00eddeos e documentos digitais dispon\u00edveis com apenas um clique\",\"isPartOf\":{\"@id\":\"https:\/\/eurosalqui.es\/#website\"},\"datePublished\":\"2023-06-08T14:32:19+00:00\",\"dateModified\":\"2023-10-05T10:30:19+00:00\",\"description\":\"Cat\u00e1logos, v\u00eddeos de processos de texturiza\u00e7\u00e3o e documentos sobre os nossos produtos que poder\u00e1 descarregar e assim conhecer melhor a nossa oferta.\",\"breadcrumb\":{\"@id\":\"https:\/\/eurosalqui.es\/pt-pt\/galeria\/#breadcrumb\"},\"inLanguage\":\"pt-PT\",\"potentialAction\":[{\"@type\":\"ReadAction\",\"target\":[\"https:\/\/eurosalqui.es\/pt-pt\/galeria\/\"]}]},{\"@type\":\"BreadcrumbList\",\"@id\":\"https:\/\/eurosalqui.es\/pt-pt\/galeria\/#breadcrumb\",\"itemListElement\":[{\"@type\":\"ListItem\",\"position\":1,\"name\":\"Portada\",\"item\":\"https:\/\/eurosalqui.es\/pt-pt\/\"},{\"@type\":\"ListItem\",\"position\":2,\"name\":\"Cat\u00e1logos\"}]},{\"@type\":\"WebSite\",\"@id\":\"https:\/\/eurosalqui.es\/#website\",\"url\":\"https:\/\/eurosalqui.es\/\",\"name\":\"Barnices, Pinturas y Derivados EQ, S.L.\",\"description\":\"Soluciones innovadoras a los desaf\u00edos tecnol\u00f3gicos y ambientales con productos de calidad en materia de barnices, pinturas y otros derivados.\",\"publisher\":{\"@id\":\"https:\/\/eurosalqui.es\/#organization\"},\"potentialAction\":[{\"@type\":\"SearchAction\",\"target\":{\"@type\":\"EntryPoint\",\"urlTemplate\":\"https:\/\/eurosalqui.es\/?s={search_term_string}\"},\"query-input\":\"required name=search_term_string\"}],\"inLanguage\":\"pt-PT\"},{\"@type\":\"Organization\",\"@id\":\"https:\/\/eurosalqui.es\/#organization\",\"name\":\"Barnices, Pinturas y Derivados EQ, S.L.\",\"url\":\"https:\/\/eurosalqui.es\/\",\"logo\":{\"@type\":\"ImageObject\",\"inLanguage\":\"pt-PT\",\"@id\":\"https:\/\/eurosalqui.es\/#\/schema\/logo\/image\/\",\"url\":\"https:\/\/eurosalqui.es\/wp-content\/uploads\/2023\/09\/logo-eqbarnices.png\",\"contentUrl\":\"https:\/\/eurosalqui.es\/wp-content\/uploads\/2023\/09\/logo-eqbarnices.png\",\"width\":100,\"height\":84,\"caption\":\"Barnices, Pinturas y Derivados EQ, S.L.\"},\"image\":{\"@id\":\"https:\/\/eurosalqui.es\/#\/schema\/logo\/image\/\"},\"sameAs\":[\"https:\/\/www.facebook.com\/eurosalqui\",\"https:\/\/es.linkedin.com\/company\/eurosalqui\",\"https:\/\/www.instagram.com\/eurosalqui\/\",\"https:\/\/vimeo.com\/eurosalqui\"]}]}<\/script>\n<!-- \/ Yoast SEO plugin. -->","yoast_head_json":{"title":"V\u00eddeos e documentos digitais dispon\u00edveis com apenas um clique","description":"Cat\u00e1logos, v\u00eddeos de processos de texturiza\u00e7\u00e3o e documentos sobre os nossos produtos que poder\u00e1 descarregar e assim conhecer melhor a nossa oferta.","robots":{"index":"index","follow":"follow","max-snippet":"max-snippet:-1","max-image-preview":"max-image-preview:large","max-video-preview":"max-video-preview:-1"},"canonical":"https:\/\/eurosalqui.es\/pt-pt\/galeria\/","og_locale":"pt_PT","og_type":"article","og_title":"V\u00eddeos e documentos digitais dispon\u00edveis com apenas um clique","og_description":"Cat\u00e1logos, v\u00eddeos de processos de texturiza\u00e7\u00e3o e documentos sobre os nossos produtos que poder\u00e1 descarregar e assim conhecer melhor a nossa oferta.","og_url":"https:\/\/eurosalqui.es\/pt-pt\/galeria\/","og_site_name":"Eurosalqui. Barnices, Pinturas y Derivados.","article_publisher":"https:\/\/www.facebook.com\/eurosalqui","article_modified_time":"2023-10-05T10:30:19+00:00","og_image":[{"width":1200,"height":675,"url":"https:\/\/eurosalqui.es\/wp-content\/uploads\/2023\/09\/pantallazo-eq.jpg","type":"image\/jpeg"}],"twitter_card":"summary_large_image","twitter_title":"V\u00eddeos e documentos digitais dispon\u00edveis com apenas um clique","twitter_description":"Cat\u00e1logos, v\u00eddeos de processos de texturiza\u00e7\u00e3o e documentos sobre os nossos produtos que poder\u00e1 descarregar e assim conhecer melhor a nossa oferta.","schema":{"@context":"https:\/\/schema.org","@graph":[{"@type":"WebPage","@id":"https:\/\/eurosalqui.es\/pt-pt\/galeria\/","url":"https:\/\/eurosalqui.es\/pt-pt\/galeria\/","name":"V\u00eddeos e documentos digitais dispon\u00edveis com apenas um clique","isPartOf":{"@id":"https:\/\/eurosalqui.es\/#website"},"datePublished":"2023-06-08T14:32:19+00:00","dateModified":"2023-10-05T10:30:19+00:00","description":"Cat\u00e1logos, v\u00eddeos de processos de texturiza\u00e7\u00e3o e documentos sobre os nossos produtos que poder\u00e1 descarregar e assim conhecer melhor a nossa oferta.","breadcrumb":{"@id":"https:\/\/eurosalqui.es\/pt-pt\/galeria\/#breadcrumb"},"inLanguage":"pt-PT","potentialAction":[{"@type":"ReadAction","target":["https:\/\/eurosalqui.es\/pt-pt\/galeria\/"]}]},{"@type":"BreadcrumbList","@id":"https:\/\/eurosalqui.es\/pt-pt\/galeria\/#breadcrumb","itemListElement":[{"@type":"ListItem","position":1,"name":"Portada","item":"https:\/\/eurosalqui.es\/pt-pt\/"},{"@type":"ListItem","position":2,"name":"Cat\u00e1logos"}]},{"@type":"WebSite","@id":"https:\/\/eurosalqui.es\/#website","url":"https:\/\/eurosalqui.es\/","name":"Barnices, Pinturas y Derivados EQ, S.L.","description":"Soluciones innovadoras a los desaf\u00edos tecnol\u00f3gicos y ambientales con productos de calidad en materia de barnices, pinturas y otros derivados.","publisher":{"@id":"https:\/\/eurosalqui.es\/#organization"},"potentialAction":[{"@type":"SearchAction","target":{"@type":"EntryPoint","urlTemplate":"https:\/\/eurosalqui.es\/?s={search_term_string}"},"query-input":"required name=search_term_string"}],"inLanguage":"pt-PT"},{"@type":"Organization","@id":"https:\/\/eurosalqui.es\/#organization","name":"Barnices, Pinturas y Derivados EQ, S.L.","url":"https:\/\/eurosalqui.es\/","logo":{"@type":"ImageObject","inLanguage":"pt-PT","@id":"https:\/\/eurosalqui.es\/#\/schema\/logo\/image\/","url":"https:\/\/eurosalqui.es\/wp-content\/uploads\/2023\/09\/logo-eqbarnices.png","contentUrl":"https:\/\/eurosalqui.es\/wp-content\/uploads\/2023\/09\/logo-eqbarnices.png","width":100,"height":84,"caption":"Barnices, Pinturas y Derivados EQ, S.L."},"image":{"@id":"https:\/\/eurosalqui.es\/#\/schema\/logo\/image\/"},"sameAs":["https:\/\/www.facebook.com\/eurosalqui","https:\/\/es.linkedin.com\/company\/eurosalqui","https:\/\/www.instagram.com\/eurosalqui\/","https:\/\/vimeo.com\/eurosalqui"]}]}},"_links":{"self":[{"href":"https:\/\/eurosalqui.es\/pt-pt\/wp-json\/wp\/v2\/pages\/8297"}],"collection":[{"href":"https:\/\/eurosalqui.es\/pt-pt\/wp-json\/wp\/v2\/pages"}],"about":[{"href":"https:\/\/eurosalqui.es\/pt-pt\/wp-json\/wp\/v2\/types\/page"}],"author":[{"embeddable":true,"href":"https:\/\/eurosalqui.es\/pt-pt\/wp-json\/wp\/v2\/users\/31"}],"replies":[{"embeddable":true,"href":"https:\/\/eurosalqui.es\/pt-pt\/wp-json\/wp\/v2\/comments?post=8297"}],"version-history":[{"count":0,"href":"https:\/\/eurosalqui.es\/pt-pt\/wp-json\/wp\/v2\/pages\/8297\/revisions"}],"wp:attachment":[{"href":"https:\/\/eurosalqui.es\/pt-pt\/wp-json\/wp\/v2\/media?parent=8297"}],"curies":[{"name":"wp","href":"https:\/\/api.w.org\/{rel}","templated":true}]}}