{"id":15210,"date":"2023-06-08T16:32:19","date_gmt":"2023-06-08T14:32:19","guid":{"rendered":"https:\/\/eurosalqui.es\/catalogues\/"},"modified":"2024-07-24T12:04:57","modified_gmt":"2024-07-24T10:04:57","slug":"catalogues","status":"publish","type":"page","link":"https:\/\/eurosalqui.es\/fr\/catalogues\/","title":{"rendered":"Catalogues"},"content":{"rendered":"","protected":false},"excerpt":{"rendered":"","protected":false},"author":31,"featured_media":0,"parent":0,"menu_order":0,"comment_status":"closed","ping_status":"closed","template":"template-portfolio.php","meta":{"_acf_changed":false,"footnotes":""},"class_list":["post-15210","page","type-page","status-publish","hentry"],"acf":[],"yoast_head":"<!-- This site is optimized with the Yoast SEO plugin v22.3 - https:\/\/yoast.com\/wordpress\/plugins\/seo\/ -->\n<title>Vid\u00e9os et documents num\u00e9riques disponibles en un seul clic<\/title>\n<meta name=\"description\" content=\"Catalogues, vid\u00e9os de proc\u00e9d\u00e9s de texturation et documents sur nos produits que vous pourrez t\u00e9l\u00e9charger et ainsi mieux comprendre notre offre.\" \/>\n<meta name=\"robots\" content=\"index, follow, max-snippet:-1, max-image-preview:large, max-video-preview:-1\" \/>\n<link rel=\"canonical\" href=\"https:\/\/eurosalqui.es\/fr\/catalogues\/\" \/>\n<meta property=\"og:locale\" content=\"fr_FR\" \/>\n<meta property=\"og:type\" content=\"article\" \/>\n<meta property=\"og:title\" content=\"Vid\u00e9os et documents num\u00e9riques disponibles en un seul clic\" \/>\n<meta property=\"og:description\" content=\"Catalogues, vid\u00e9os de proc\u00e9d\u00e9s de texturation et documents sur nos produits que vous pourrez t\u00e9l\u00e9charger et ainsi mieux comprendre notre offre.\" \/>\n<meta property=\"og:url\" content=\"https:\/\/eurosalqui.es\/fr\/catalogues\/\" \/>\n<meta property=\"og:site_name\" content=\"Eurosalqui. Barnices, Pinturas y Derivados.\" \/>\n<meta property=\"article:publisher\" content=\"https:\/\/www.facebook.com\/eurosalqui\" \/>\n<meta property=\"article:modified_time\" content=\"2024-07-24T10:04:57+00:00\" \/>\n<meta property=\"og:image\" content=\"https:\/\/eurosalqui.es\/wp-content\/uploads\/2023\/09\/pantallazo-eq.jpg\" \/>\n\t<meta property=\"og:image:width\" content=\"1200\" \/>\n\t<meta property=\"og:image:height\" content=\"675\" \/>\n\t<meta property=\"og:image:type\" content=\"image\/jpeg\" \/>\n<meta name=\"twitter:card\" content=\"summary_large_image\" \/>\n<meta name=\"twitter:title\" content=\"Vid\u00e9os et documents num\u00e9riques disponibles en un seul clic\" \/>\n<meta name=\"twitter:description\" content=\"Catalogues, vid\u00e9os de proc\u00e9d\u00e9s de texturation et documents sur nos produits que vous pourrez t\u00e9l\u00e9charger et ainsi mieux comprendre notre offre.\" \/>\n<script type=\"application\/ld+json\" class=\"yoast-schema-graph\">{\"@context\":\"https:\/\/schema.org\",\"@graph\":[{\"@type\":\"WebPage\",\"@id\":\"https:\/\/eurosalqui.es\/fr\/catalogues\/\",\"url\":\"https:\/\/eurosalqui.es\/fr\/catalogues\/\",\"name\":\"Vid\u00e9os et documents num\u00e9riques disponibles en un seul clic\",\"isPartOf\":{\"@id\":\"https:\/\/eurosalqui.es\/#website\"},\"datePublished\":\"2023-06-08T14:32:19+00:00\",\"dateModified\":\"2024-07-24T10:04:57+00:00\",\"description\":\"Catalogues, vid\u00e9os de proc\u00e9d\u00e9s de texturation et documents sur nos produits que vous pourrez t\u00e9l\u00e9charger et ainsi mieux comprendre notre offre.\",\"breadcrumb\":{\"@id\":\"https:\/\/eurosalqui.es\/fr\/catalogues\/#breadcrumb\"},\"inLanguage\":\"fr-FR\",\"potentialAction\":[{\"@type\":\"ReadAction\",\"target\":[\"https:\/\/eurosalqui.es\/fr\/catalogues\/\"]}]},{\"@type\":\"BreadcrumbList\",\"@id\":\"https:\/\/eurosalqui.es\/fr\/catalogues\/#breadcrumb\",\"itemListElement\":[{\"@type\":\"ListItem\",\"position\":1,\"name\":\"Portada\",\"item\":\"https:\/\/eurosalqui.es\/fr\/\"},{\"@type\":\"ListItem\",\"position\":2,\"name\":\"Catalogues\"}]},{\"@type\":\"WebSite\",\"@id\":\"https:\/\/eurosalqui.es\/#website\",\"url\":\"https:\/\/eurosalqui.es\/\",\"name\":\"Barnices, Pinturas y Derivados EQ, S.L.\",\"description\":\"Soluciones innovadoras a los desaf\u00edos tecnol\u00f3gicos y ambientales con productos de calidad en materia de barnices, pinturas y otros derivados.\",\"publisher\":{\"@id\":\"https:\/\/eurosalqui.es\/#organization\"},\"potentialAction\":[{\"@type\":\"SearchAction\",\"target\":{\"@type\":\"EntryPoint\",\"urlTemplate\":\"https:\/\/eurosalqui.es\/?s={search_term_string}\"},\"query-input\":\"required name=search_term_string\"}],\"inLanguage\":\"fr-FR\"},{\"@type\":\"Organization\",\"@id\":\"https:\/\/eurosalqui.es\/#organization\",\"name\":\"Barnices, Pinturas y Derivados EQ, S.L.\",\"url\":\"https:\/\/eurosalqui.es\/\",\"logo\":{\"@type\":\"ImageObject\",\"inLanguage\":\"fr-FR\",\"@id\":\"https:\/\/eurosalqui.es\/#\/schema\/logo\/image\/\",\"url\":\"https:\/\/eurosalqui.es\/wp-content\/uploads\/2023\/09\/logo-eqbarnices.png\",\"contentUrl\":\"https:\/\/eurosalqui.es\/wp-content\/uploads\/2023\/09\/logo-eqbarnices.png\",\"width\":100,\"height\":84,\"caption\":\"Barnices, Pinturas y Derivados EQ, S.L.\"},\"image\":{\"@id\":\"https:\/\/eurosalqui.es\/#\/schema\/logo\/image\/\"},\"sameAs\":[\"https:\/\/www.facebook.com\/eurosalqui\",\"https:\/\/es.linkedin.com\/company\/eurosalqui\",\"https:\/\/www.instagram.com\/eurosalqui\/\",\"https:\/\/vimeo.com\/eurosalqui\"]}]}<\/script>\n<!-- \/ Yoast SEO plugin. -->","yoast_head_json":{"title":"Vid\u00e9os et documents num\u00e9riques disponibles en un seul clic","description":"Catalogues, vid\u00e9os de proc\u00e9d\u00e9s de texturation et documents sur nos produits que vous pourrez t\u00e9l\u00e9charger et ainsi mieux comprendre notre offre.","robots":{"index":"index","follow":"follow","max-snippet":"max-snippet:-1","max-image-preview":"max-image-preview:large","max-video-preview":"max-video-preview:-1"},"canonical":"https:\/\/eurosalqui.es\/fr\/catalogues\/","og_locale":"fr_FR","og_type":"article","og_title":"Vid\u00e9os et documents num\u00e9riques disponibles en un seul clic","og_description":"Catalogues, vid\u00e9os de proc\u00e9d\u00e9s de texturation et documents sur nos produits que vous pourrez t\u00e9l\u00e9charger et ainsi mieux comprendre notre offre.","og_url":"https:\/\/eurosalqui.es\/fr\/catalogues\/","og_site_name":"Eurosalqui. Barnices, Pinturas y Derivados.","article_publisher":"https:\/\/www.facebook.com\/eurosalqui","article_modified_time":"2024-07-24T10:04:57+00:00","og_image":[{"width":1200,"height":675,"url":"https:\/\/eurosalqui.es\/wp-content\/uploads\/2023\/09\/pantallazo-eq.jpg","type":"image\/jpeg"}],"twitter_card":"summary_large_image","twitter_title":"Vid\u00e9os et documents num\u00e9riques disponibles en un seul clic","twitter_description":"Catalogues, vid\u00e9os de proc\u00e9d\u00e9s de texturation et documents sur nos produits que vous pourrez t\u00e9l\u00e9charger et ainsi mieux comprendre notre offre.","schema":{"@context":"https:\/\/schema.org","@graph":[{"@type":"WebPage","@id":"https:\/\/eurosalqui.es\/fr\/catalogues\/","url":"https:\/\/eurosalqui.es\/fr\/catalogues\/","name":"Vid\u00e9os et documents num\u00e9riques disponibles en un seul clic","isPartOf":{"@id":"https:\/\/eurosalqui.es\/#website"},"datePublished":"2023-06-08T14:32:19+00:00","dateModified":"2024-07-24T10:04:57+00:00","description":"Catalogues, vid\u00e9os de proc\u00e9d\u00e9s de texturation et documents sur nos produits que vous pourrez t\u00e9l\u00e9charger et ainsi mieux comprendre notre offre.","breadcrumb":{"@id":"https:\/\/eurosalqui.es\/fr\/catalogues\/#breadcrumb"},"inLanguage":"fr-FR","potentialAction":[{"@type":"ReadAction","target":["https:\/\/eurosalqui.es\/fr\/catalogues\/"]}]},{"@type":"BreadcrumbList","@id":"https:\/\/eurosalqui.es\/fr\/catalogues\/#breadcrumb","itemListElement":[{"@type":"ListItem","position":1,"name":"Portada","item":"https:\/\/eurosalqui.es\/fr\/"},{"@type":"ListItem","position":2,"name":"Catalogues"}]},{"@type":"WebSite","@id":"https:\/\/eurosalqui.es\/#website","url":"https:\/\/eurosalqui.es\/","name":"Barnices, Pinturas y Derivados EQ, S.L.","description":"Soluciones innovadoras a los desaf\u00edos tecnol\u00f3gicos y ambientales con productos de calidad en materia de barnices, pinturas y otros derivados.","publisher":{"@id":"https:\/\/eurosalqui.es\/#organization"},"potentialAction":[{"@type":"SearchAction","target":{"@type":"EntryPoint","urlTemplate":"https:\/\/eurosalqui.es\/?s={search_term_string}"},"query-input":"required name=search_term_string"}],"inLanguage":"fr-FR"},{"@type":"Organization","@id":"https:\/\/eurosalqui.es\/#organization","name":"Barnices, Pinturas y Derivados EQ, S.L.","url":"https:\/\/eurosalqui.es\/","logo":{"@type":"ImageObject","inLanguage":"fr-FR","@id":"https:\/\/eurosalqui.es\/#\/schema\/logo\/image\/","url":"https:\/\/eurosalqui.es\/wp-content\/uploads\/2023\/09\/logo-eqbarnices.png","contentUrl":"https:\/\/eurosalqui.es\/wp-content\/uploads\/2023\/09\/logo-eqbarnices.png","width":100,"height":84,"caption":"Barnices, Pinturas y Derivados EQ, S.L."},"image":{"@id":"https:\/\/eurosalqui.es\/#\/schema\/logo\/image\/"},"sameAs":["https:\/\/www.facebook.com\/eurosalqui","https:\/\/es.linkedin.com\/company\/eurosalqui","https:\/\/www.instagram.com\/eurosalqui\/","https:\/\/vimeo.com\/eurosalqui"]}]}},"_links":{"self":[{"href":"https:\/\/eurosalqui.es\/fr\/wp-json\/wp\/v2\/pages\/15210"}],"collection":[{"href":"https:\/\/eurosalqui.es\/fr\/wp-json\/wp\/v2\/pages"}],"about":[{"href":"https:\/\/eurosalqui.es\/fr\/wp-json\/wp\/v2\/types\/page"}],"author":[{"embeddable":true,"href":"https:\/\/eurosalqui.es\/fr\/wp-json\/wp\/v2\/users\/31"}],"replies":[{"embeddable":true,"href":"https:\/\/eurosalqui.es\/fr\/wp-json\/wp\/v2\/comments?post=15210"}],"version-history":[{"count":1,"href":"https:\/\/eurosalqui.es\/fr\/wp-json\/wp\/v2\/pages\/15210\/revisions"}],"predecessor-version":[{"id":15212,"href":"https:\/\/eurosalqui.es\/fr\/wp-json\/wp\/v2\/pages\/15210\/revisions\/15212"}],"wp:attachment":[{"href":"https:\/\/eurosalqui.es\/fr\/wp-json\/wp\/v2\/media?parent=15210"}],"curies":[{"name":"wp","href":"https:\/\/api.w.org\/{rel}","templated":true}]}}